{"id":85,"date":"2022-10-01T09:03:49","date_gmt":"2022-10-01T07:03:49","guid":{"rendered":"http:\/\/meditation-kototama.com\/?page_id=85"},"modified":"2022-10-01T09:07:11","modified_gmt":"2022-10-01T07:07:11","slug":"cycles","status":"publish","type":"page","link":"http:\/\/meditation-kototama.com\/index.php\/cycles\/","title":{"rendered":"Cycles"},"content":{"rendered":"\n<p>L&rsquo;\u00e9tude des kototama passe par une transmission orale. Elle se d\u00e9roule par l&rsquo;apprentissage en suivant des cycles pr\u00e9cis. Ces cycles plus ou moins longs, peuvent \u00eatre r\u00e9p\u00e9t\u00e9s durant un week-end comme temps de d\u00e9couverte et d&rsquo;initiation, ou durant une ann\u00e9e compl\u00e8te le temps d&rsquo;\u00e9voluer et de se perfectionner.<\/p>\n\n\n\n<p>L&rsquo;\u00e9tude des kototama doit se faire avec un enseignant qui guide, qui cadre, qui donne les conseils et les points de pr\u00e9cision n\u00e9cessaire et surtout qui transmet dans l&rsquo;esprit authentique \u00ab I Shin den Shin \u00bb c&rsquo;est-\u00e0-dire \u00ab de mon \u00e2me \u00e0 ton \u00e2me \u00bb ou \u00ab de mon c\u0153ur \u00e0 ton c\u0153ur \u00bb.\u00a0<\/p>\n\n\n\n<p><\/p>\n","protected":false},"excerpt":{"rendered":"<p>L&rsquo;\u00e9tude des kototama passe par une transmission orale. Elle se d\u00e9roule par l&rsquo;apprentissage en suivant des cycles pr\u00e9cis. Ces cycles plus ou moins longs, peuvent \u00eatre r\u00e9p\u00e9t\u00e9s durant un week-end comme temps de d\u00e9couverte et d&rsquo;initiation, ou durant une ann\u00e9e compl\u00e8te le temps d&rsquo;\u00e9voluer et de se perfectionner. L&rsquo;\u00e9tude des kototama doit se faire avec &#8230; <a title=\"Cycles\" class=\"read-more\" href=\"http:\/\/meditation-kototama.com\/index.php\/cycles\/\" aria-label=\"En savoir plus sur Cycles\">Lire la suite<\/a><\/p>\n","protected":false},"author":1,"featured_media":0,"parent":0,"menu_order":0,"comment_status":"closed","ping_status":"closed","template":"","meta":{"footnotes":""},"class_list":["post-85","page","type-page","status-publish"],"_links":{"self":[{"href":"http:\/\/meditation-kototama.com\/index.php\/wp-json\/wp\/v2\/pages\/85","targetHints":{"allow":["GET"]}}],"collection":[{"href":"http:\/\/meditation-kototama.com\/index.php\/wp-json\/wp\/v2\/pages"}],"about":[{"href":"http:\/\/meditation-kototama.com\/index.php\/wp-json\/wp\/v2\/types\/page"}],"author":[{"embeddable":true,"href":"http:\/\/meditation-kototama.com\/index.php\/wp-json\/wp\/v2\/users\/1"}],"replies":[{"embeddable":true,"href":"http:\/\/meditation-kototama.com\/index.php\/wp-json\/wp\/v2\/comments?post=85"}],"version-history":[{"count":3,"href":"http:\/\/meditation-kototama.com\/index.php\/wp-json\/wp\/v2\/pages\/85\/revisions"}],"predecessor-version":[{"id":89,"href":"http:\/\/meditation-kototama.com\/index.php\/wp-json\/wp\/v2\/pages\/85\/revisions\/89"}],"wp:attachment":[{"href":"http:\/\/meditation-kototama.com\/index.php\/wp-json\/wp\/v2\/media?parent=85"}],"curies":[{"name":"wp","href":"https:\/\/api.w.org\/{rel}","templated":true}]}}