{"id":42,"date":"2022-09-29T07:39:01","date_gmt":"2022-09-29T05:39:01","guid":{"rendered":"http:\/\/meditation-kototama.com\/?page_id=42"},"modified":"2024-09-20T17:15:19","modified_gmt":"2024-09-20T15:15:19","slug":"kototama","status":"publish","type":"page","link":"http:\/\/meditation-kototama.com\/","title":{"rendered":"Kototama ?"},"content":{"rendered":"\n<p>Le kototama est un principe important de la pens\u00e9e shinto\u00efste. <\/p>\n\n\n\n<p>En r\u00e9alit\u00e9, il n\u2019est pas facile \u00e0 saisir et je vais essayer de vous \u00e9clairer au mieux car sa pratique a de multiples int\u00e9r\u00eats \u00e0 titre individuel mais aussi pour les soci\u00e9t\u00e9s modernes. <\/p>\n\n\n\n<p>Kototama est un concept qui, comme celui de Ki, ne poss\u00e8de aucune traduction litt\u00e9rale dans les autres langues. Kototama est un tr\u00e8s vieux mot.<\/p>\n\n\n\n<p>Dans la vision du monde indig\u00e8ne proche de la nature, il y a un esprit dans toute chose, sur terre et dans l\u2019univers. Depuis longtemps, le peuple japonais aimait les jeux de mots et les doubles significations.<\/p>\n\n\n\n<p>Les Kotodama ou kototama en kanji \u8a00\u970a litt\u00e9ralement \u00ab mot \u00bb et \u00ab esprit \u00bb ou \u00ab \u00e2me \u00bb font donc r\u00e9f\u00e9rence \u00e0 la croyance japonaise selon laquelle les pouvoirs mystiques habitent dans les mots et les noms.<\/p>\n\n\n\n<p>Ce sont en quelque sorte les \u00ab \u00e2mes-mots \u00bb qui ont nourrit la naissance de l\u2019univers. Kototama est l\u2019\u00e2me des mots ainsi que l\u2019\u00e2me des choses, c\u2019est-\u00e0-dire le pouvoir sacr\u00e9 de la parole.<\/p>\n\n\n\n<p>Les traductions en anglais de kototama sont diverses : \u00ab soul of language \u00bb, \u00ab spirit of language \u00bb, \u00ab power of language \u00bb, \u00ab power word \u00bb, \u00ab magic word \u00bb et \u00ab sacred sound \u00bb. La notion pr\u00e9suppose que les sons peuvent affecter magiquement les objets, et que les usages rituels des mots peuvent influencer notre environnement, notre corps, notre esprit et notre \u00e2me. <\/p>\n\n\n\n<p>Le kototama est la source de toute vie et de toute cr\u00e9ation. C\u2019est l\u2019\u00e9nergie fondamentale et indivisible de l\u2019univers. C\u2019est l\u2019\u00e9nergie cr\u00e9atrice appel\u00e9e ki, de l\u2019esprit universel et de la constitution spirituelle de l\u2019\u00eatre humain. <\/p>\n\n\n\n<p>Kototama se retrouve dans la vie populaire, dans ses traditions mais il est aussi fondamental dans certains arts martiaux japonais.<\/p>\n","protected":false},"excerpt":{"rendered":"<p>Le kototama est un principe important de la pens\u00e9e shinto\u00efste. En r\u00e9alit\u00e9, il n\u2019est pas facile \u00e0 saisir et je vais essayer de vous \u00e9clairer au mieux car sa pratique a de multiples int\u00e9r\u00eats \u00e0 titre individuel mais aussi pour les soci\u00e9t\u00e9s modernes. Kototama est un concept qui, comme celui de Ki, ne poss\u00e8de aucune &#8230; <a title=\"Kototama ?\" class=\"read-more\" href=\"http:\/\/meditation-kototama.com\/\" aria-label=\"En savoir plus sur Kototama ?\">Lire la suite<\/a><\/p>\n","protected":false},"author":1,"featured_media":11,"parent":0,"menu_order":0,"comment_status":"closed","ping_status":"closed","template":"","meta":{"footnotes":""},"class_list":["post-42","page","type-page","status-publish","has-post-thumbnail"],"_links":{"self":[{"href":"http:\/\/meditation-kototama.com\/index.php\/wp-json\/wp\/v2\/pages\/42","targetHints":{"allow":["GET"]}}],"collection":[{"href":"http:\/\/meditation-kototama.com\/index.php\/wp-json\/wp\/v2\/pages"}],"about":[{"href":"http:\/\/meditation-kototama.com\/index.php\/wp-json\/wp\/v2\/types\/page"}],"author":[{"embeddable":true,"href":"http:\/\/meditation-kototama.com\/index.php\/wp-json\/wp\/v2\/users\/1"}],"replies":[{"embeddable":true,"href":"http:\/\/meditation-kototama.com\/index.php\/wp-json\/wp\/v2\/comments?post=42"}],"version-history":[{"count":5,"href":"http:\/\/meditation-kototama.com\/index.php\/wp-json\/wp\/v2\/pages\/42\/revisions"}],"predecessor-version":[{"id":111,"href":"http:\/\/meditation-kototama.com\/index.php\/wp-json\/wp\/v2\/pages\/42\/revisions\/111"}],"wp:featuredmedia":[{"embeddable":true,"href":"http:\/\/meditation-kototama.com\/index.php\/wp-json\/wp\/v2\/media\/11"}],"wp:attachment":[{"href":"http:\/\/meditation-kototama.com\/index.php\/wp-json\/wp\/v2\/media?parent=42"}],"curies":[{"name":"wp","href":"https:\/\/api.w.org\/{rel}","templated":true}]}}